{"id":445,"date":"2025-03-08T09:45:09","date_gmt":"2025-03-08T07:45:09","guid":{"rendered":"http:\/\/msharks.eu\/work\/imatra\/?page_id=445"},"modified":"2025-08-04T12:32:27","modified_gmt":"2025-08-04T09:32:27","slug":"connection-network","status":"publish","type":"page","link":"https:\/\/imatraelekter.ee\/en\/network-service\/connection-network\/","title":{"rendered":"Connection to the network"},"content":{"rendered":"\r\n<p>We can add to our Network only these consumption places which are located in our operating area (L\u00e4\u00e4nemaa, P\u00f5hja-P\u00e4rnumaa in former area of L\u00e4\u00e4nemaa ja Viimsi vald). \u00a0We charge a fee for connecting to the power Network. In the following tabel You can find our prices.<\/p>\r\n<table class=\"table table-striped table-bordered\" style=\"width: 100%;\"><caption class=\"h4\">\u00a0\u00a0\u00a0\u00a0\u00a0\u00a0\u00a0\u00a0\u00a0\u00a0\u00a0\u00a0\u00a0\u00a0\u00a0\u00a0\u00a0\u00a0\u00a0\u00a0\u00a0\u00a0\u00a0\u00a0\u00a0\u00a0<strong>Price list from 01.02.2025 (incl. VAT)<\/strong><\/caption>\r\n<tbody>\r\n<tr>\r\n<td style=\"width: 34.069%;\" rowspan=\"2\">\u00a0<\/td>\r\n<td style=\"text-align: center; width: 18.4826%;\"><strong>In fixed tariff area<\/strong><\/td>\r\n<td style=\"text-align: center; width: 32.6897%;\">\u00a0<strong>Outside of fixed tariff area<\/strong><\/td>\r\n<\/tr>\r\n<tr>\r\n<td style=\"text-align: center; width: 18.4826%;\"><strong>Price, \u20ac\/Amp<\/strong><\/td>\r\n<td style=\"text-align: center; width: 32.6897%;\"><strong>Price, \u20ac\/Amp\u00a0<\/strong><\/td>\r\n<\/tr>\r\n<tr>\r\n<td style=\"width: 34.069%;\">\u00a0New connection<\/td>\r\n<td style=\"text-align: center; width: 18.4826%;\">320,53<\/td>\r\n<td style=\"text-align: center; width: 32.6897%;\">\u00a0calculated on the basis of actual expenses<\/td>\r\n<\/tr>\r\n<tr>\r\n<td style=\"width: 34.069%;\">Increasing the amperage of a main fuse<\/td>\r\n<td style=\"text-align: center; width: 18.4826%;\">320,53<\/td>\r\n<td style=\"text-align: center; width: 32.6897%;\">\u00a0calculated on the basis of actual expenses<\/td>\r\n<\/tr>\r\n<tr>\r\n<td style=\"width: 34.069%;\">Changing to a three-phase connection:<\/td>\r\n<td style=\"text-align: center; width: 18.4826%;\">65,53<\/td>\r\n<td style=\"text-align: center; width: 32.6897%;\">\u00a0calculated on the basis of actual expenses<\/td>\r\n<\/tr>\r\n<tr>\r\n<td style=\"width: 34.069%;\">Project management fee<\/td>\r\n<td style=\"text-align: center; width: 18.4826%;\">0,00<\/td>\r\n<td style=\"text-align: center; width: 32.6897%;\">3% of actual expenses<\/td>\r\n<\/tr>\r\n<\/tbody>\r\n<\/table>\r\n<p>To connect your place of consumption to the power network, you will have to submit a connection application so that we can sign a connection contract with You.<\/p>\r\n<p style=\"margin: 0cm 0cm 10pt;\">\u00a0<\/p>\r\n<h3>Send application<\/h3>\r\n<p>From 1st of February 2020 new fee &#8211;\u00a0 3% of total cost of connection fee is added to connection services for projects which are outside of fixed tariff area. The minimum fee for project management is 60,00 euros (w\/o VAT).<\/p>\r\n<p>&nbsp;<\/p>\r\n<p><a href=\"https:\/\/imatraelekter.ee\/liitumistaotlus\/\" target=\"_blank\" rel=\"noopener noreferrer\"><img decoding=\"async\" class=\"aligncenter\" src=\"https:\/\/www.imatraelekter.ee\/media\/Nupp_eng-300x49.jpg\" alt=\"nupp_eng\" \/><\/a><\/p>\r\n<p>&nbsp;<\/p>\r\n<h3>Audit about the conformity with the requirements of an electrical installation<\/h3>\r\n<p>Before accepting and approving electrical work performed by you in accordance with the Equipment Safety Act, a pre-commissioning audit must be carried out. In the case of a temporary low voltage electrical installation not exceeding 35 A, a pre-commissioning audit is not required if the builder of the electrical installation confirms in writing the conformity of the electrical installation and the safety of use on the basis of measurement and testing results, visual inspection and documentation. All work carried out by themselves is the responsibility of the electrical work contractor ordered by the party to be connected, but the responsibility for the electrical installation lies still with the holder of the electrical installation, who also decides when to energise the electrical installation. Therefore, the holder of the electrical installation submits an application for the energisation of the electrical installation to the system operator in whose area of operation the electrical installation is located.<\/p>\r\n<p>By submitting the application, the holder declares that the electrical installation in their possession is ready for energisation. In doing so, it assumes responsibility for the damage and risks that could be caused by energising. The system operator shall energise the electrical installation based on the request after having determined from the technical surveillance information system established pursuant to \u00a712 of the Equipment Safety Act that an audit has been carried out on the electrical installation, the conclusion of which is that the equipment is technically in order and that it is safe to use it for its intended purpose and in such a way. In the case of a temporary low voltage electrical installation up to 35 A, please attach a declaration of conformity issued by the builder of the electrical installation to the application for energisation.<\/p>\r\n<p>In the case of electrical installations previously connected to the network, a pre-commissioning audit is required to be carried out only if the technical parameters of the installation are substantially altered (\u00a7 4(3) of the Construction Code). An important alteration can be considered replacing a single-phase network connection with a three-phase network connection or increasing the rating of the main fuse by more than two levels.<\/p>\r\n<p>In the case of a proper low voltage installation in use the rated current of the protection equipment installed in front of the supply line of which is up to 35 A (\u00a7 11(4) of Regulation No. 86), a written confirmation (declaration) by the builder of the electrical installation on the conformity of the built electrical installation is sufficient.<\/p>\r\n<h3>Send declaration<\/h3>\r\n<p><a href=\"https:\/\/imatraelekter.ee\/media\/Elektripaigaldise-nouetekohasuse-deklaratsioon.pdf\">Download and submit<\/a><\/p>\r\n\n<div class=\"wpcf7 no-js\" id=\"wpcf7-f1120-o1\" lang=\"en-US\" dir=\"ltr\" data-wpcf7-id=\"1120\">\n<div class=\"screen-reader-response\"><p role=\"status\" aria-live=\"polite\" aria-atomic=\"true\"><\/p> <ul><\/ul><\/div>\n<form action=\"\/en\/wp-json\/wp\/v2\/pages\/445#wpcf7-f1120-o1\" method=\"post\" class=\"wpcf7-form init\" aria-label=\"Contact form\" enctype=\"multipart\/form-data\" novalidate=\"novalidate\" data-status=\"init\">\n<div style=\"display: none;\">\n<input type=\"hidden\" name=\"_wpcf7\" value=\"1120\" \/>\n<input type=\"hidden\" name=\"_wpcf7_version\" value=\"6.0.6\" \/>\n<input type=\"hidden\" name=\"_wpcf7_locale\" value=\"en_US\" \/>\n<input type=\"hidden\" name=\"_wpcf7_unit_tag\" value=\"wpcf7-f1120-o1\" \/>\n<input type=\"hidden\" name=\"_wpcf7_container_post\" value=\"0\" \/>\n<input type=\"hidden\" name=\"_wpcf7_posted_data_hash\" value=\"\" \/>\n<input type=\"hidden\" name=\"_wpcf7_recaptcha_response\" value=\"\" \/>\n<\/div>\n<div class=\"form-wrap\">\n\t<div class=\"form-inline upload-file\">\n\t\t<div class=\"form-group\">\n\t\t\t<p><span class=\"wpcf7-form-control-wrap\" data-name=\"your-file\"><input size=\"40\" class=\"wpcf7-form-control wpcf7-file wpcf7-validates-as-required btn btn-primary\" accept=\".pdf,.txt,.doc,.docx,.odt,.ddoc,.bdoc,.zip,.jpg,.jpeg,.png,.dwg,.dng,.asice\" aria-required=\"true\" aria-invalid=\"false\" type=\"file\" name=\"your-file\" \/><\/span>\n\t\t\t<\/p>\n\t\t<\/div>\n\t\t<div class=\"form-group\">\n\t\t\t<p><span class=\"wpcf7-form-control-wrap\" data-name=\"your-email\"><input size=\"40\" maxlength=\"400\" class=\"wpcf7-form-control wpcf7-email wpcf7-text wpcf7-validates-as-email form-control\" aria-invalid=\"false\" placeholder=\"Your email\" value=\"\" type=\"email\" name=\"your-email\" \/><\/span>\n\t\t\t<\/p>\n\t\t<\/div>\n\t<\/div>\n\t<div class=\"form-group attached-file\">\n\t\t<p>Attachment: <span><\/span>\n\t\t<\/p>\n\t<\/div>\n\t<div class=\"form-group\">\n\t\t<p><span class=\"wpcf7-form-control-wrap\" data-name=\"your-message\"><textarea cols=\"3\" rows=\"5\" maxlength=\"2000\" class=\"wpcf7-form-control wpcf7-textarea form-control\" aria-invalid=\"false\" placeholder=\"Comment\" name=\"your-message\"><\/textarea><\/span>\n\t\t<\/p>\n\t<\/div>\n\t<div class=\"form-group\">\n\t\t<p><input class=\"wpcf7-form-control wpcf7-submit has-spinner btn btn-danger\" type=\"submit\" value=\"Send\" \/>\n\t\t<\/p>\n\t<\/div>\n<\/div><div class=\"wpcf7-response-output\" aria-hidden=\"true\"><\/div>\n<\/form>\n<\/div>\n\r\n<h3>Send application for powering<\/h3>\r\n<p><a href=\"https:\/\/www.imatraelekter.ee\/media\/Pingestamise_taotlus.pdf\">Download\u00a0and\u00a0submit<\/a><\/p>\r\n<h2>\n<div class=\"wpcf7 no-js\" id=\"wpcf7-f1120-o2\" lang=\"en-US\" dir=\"ltr\" data-wpcf7-id=\"1120\">\n<div class=\"screen-reader-response\"><p role=\"status\" aria-live=\"polite\" aria-atomic=\"true\"><\/p> <ul><\/ul><\/div>\n<form action=\"\/en\/wp-json\/wp\/v2\/pages\/445#wpcf7-f1120-o2\" method=\"post\" class=\"wpcf7-form init\" aria-label=\"Contact form\" enctype=\"multipart\/form-data\" novalidate=\"novalidate\" data-status=\"init\">\n<div style=\"display: none;\">\n<input type=\"hidden\" name=\"_wpcf7\" value=\"1120\" \/>\n<input type=\"hidden\" name=\"_wpcf7_version\" value=\"6.0.6\" \/>\n<input type=\"hidden\" name=\"_wpcf7_locale\" value=\"en_US\" \/>\n<input type=\"hidden\" name=\"_wpcf7_unit_tag\" value=\"wpcf7-f1120-o2\" \/>\n<input type=\"hidden\" name=\"_wpcf7_container_post\" value=\"0\" \/>\n<input type=\"hidden\" name=\"_wpcf7_posted_data_hash\" value=\"\" \/>\n<input type=\"hidden\" name=\"_wpcf7_recaptcha_response\" value=\"\" \/>\n<\/div>\n<div class=\"form-wrap\">\n\t<div class=\"form-inline upload-file\">\n\t\t<div class=\"form-group\">\n\t\t\t<p><span class=\"wpcf7-form-control-wrap\" data-name=\"your-file\"><input size=\"40\" class=\"wpcf7-form-control wpcf7-file wpcf7-validates-as-required btn btn-primary\" accept=\".pdf,.txt,.doc,.docx,.odt,.ddoc,.bdoc,.zip,.jpg,.jpeg,.png,.dwg,.dng,.asice\" aria-required=\"true\" aria-invalid=\"false\" type=\"file\" name=\"your-file\" \/><\/span>\n\t\t\t<\/p>\n\t\t<\/div>\n\t\t<div class=\"form-group\">\n\t\t\t<p><span class=\"wpcf7-form-control-wrap\" data-name=\"your-email\"><input size=\"40\" maxlength=\"400\" class=\"wpcf7-form-control wpcf7-email wpcf7-text wpcf7-validates-as-email form-control\" aria-invalid=\"false\" placeholder=\"Your email\" value=\"\" type=\"email\" name=\"your-email\" \/><\/span>\n\t\t\t<\/p>\n\t\t<\/div>\n\t<\/div>\n\t<div class=\"form-group attached-file\">\n\t\t<p>Attachment: <span><\/span>\n\t\t<\/p>\n\t<\/div>\n\t<div class=\"form-group\">\n\t\t<p><span class=\"wpcf7-form-control-wrap\" data-name=\"your-message\"><textarea cols=\"3\" rows=\"5\" maxlength=\"2000\" class=\"wpcf7-form-control wpcf7-textarea form-control\" aria-invalid=\"false\" placeholder=\"Comment\" name=\"your-message\"><\/textarea><\/span>\n\t\t<\/p>\n\t<\/div>\n\t<div class=\"form-group\">\n\t\t<p><input class=\"wpcf7-form-control wpcf7-submit has-spinner btn btn-danger\" type=\"submit\" value=\"Send\" \/>\n\t\t<\/p>\n\t<\/div>\n<\/div><div class=\"wpcf7-response-output\" aria-hidden=\"true\"><\/div>\n<\/form>\n<\/div>\n<\/h2>","protected":false},"excerpt":{"rendered":"<p>We can add to our Network only these consumption places which are located in our operating area (L\u00e4\u00e4nemaa, P\u00f5hja-P\u00e4rnumaa in&hellip;<\/p>\n","protected":false},"author":2,"featured_media":0,"parent":499,"menu_order":0,"comment_status":"closed","ping_status":"closed","template":"","meta":{"footnotes":""},"class_list":["post-445","page","type-page","status-publish","hentry"],"yoast_head":"<!-- This site is optimized with the Yoast SEO plugin v27.3 - https:\/\/yoast.com\/product\/yoast-seo-wordpress\/ -->\n<title>Connection to the network - Imatra Elekter<\/title>\n<meta name=\"robots\" content=\"index, follow, max-snippet:-1, max-image-preview:large, max-video-preview:-1\" \/>\n<link rel=\"canonical\" href=\"https:\/\/imatraelekter.ee\/en\/network-service\/connection-network\/\" \/>\n<meta property=\"og:locale\" content=\"en_US\" \/>\n<meta property=\"og:type\" content=\"article\" \/>\n<meta property=\"og:title\" content=\"Connection to the network - Imatra Elekter\" \/>\n<meta property=\"og:description\" content=\"We can add to our Network only these consumption places which are located in our operating area (L\u00e4\u00e4nemaa, P\u00f5hja-P\u00e4rnumaa in&hellip;\" \/>\n<meta property=\"og:url\" content=\"https:\/\/imatraelekter.ee\/en\/network-service\/connection-network\/\" \/>\n<meta property=\"og:site_name\" content=\"Imatra Elekter\" \/>\n<meta property=\"article:modified_time\" content=\"2025-08-04T09:32:27+00:00\" \/>\n<meta property=\"og:image\" content=\"https:\/\/www.imatraelekter.ee\/media\/Nupp_eng-300x49.jpg\" \/>\n<meta name=\"twitter:label1\" content=\"Est. reading time\" \/>\n\t<meta name=\"twitter:data1\" content=\"4 minutes\" \/>\n<script type=\"application\/ld+json\" class=\"yoast-schema-graph\">{\"@context\":\"https:\\\/\\\/schema.org\",\"@graph\":[{\"@type\":\"WebPage\",\"@id\":\"https:\\\/\\\/imatraelekter.ee\\\/en\\\/network-service\\\/connection-network\\\/\",\"url\":\"https:\\\/\\\/imatraelekter.ee\\\/en\\\/network-service\\\/connection-network\\\/\",\"name\":\"Connection to the network - Imatra Elekter\",\"isPartOf\":{\"@id\":\"https:\\\/\\\/imatraelekter.ee\\\/en\\\/#website\"},\"primaryImageOfPage\":{\"@id\":\"https:\\\/\\\/imatraelekter.ee\\\/en\\\/network-service\\\/connection-network\\\/#primaryimage\"},\"image\":{\"@id\":\"https:\\\/\\\/imatraelekter.ee\\\/en\\\/network-service\\\/connection-network\\\/#primaryimage\"},\"thumbnailUrl\":\"https:\\\/\\\/www.imatraelekter.ee\\\/media\\\/Nupp_eng-300x49.jpg\",\"datePublished\":\"2025-03-08T07:45:09+00:00\",\"dateModified\":\"2025-08-04T09:32:27+00:00\",\"breadcrumb\":{\"@id\":\"https:\\\/\\\/imatraelekter.ee\\\/en\\\/network-service\\\/connection-network\\\/#breadcrumb\"},\"inLanguage\":\"en-US\",\"potentialAction\":[{\"@type\":\"ReadAction\",\"target\":[\"https:\\\/\\\/imatraelekter.ee\\\/en\\\/network-service\\\/connection-network\\\/\"]}]},{\"@type\":\"ImageObject\",\"inLanguage\":\"en-US\",\"@id\":\"https:\\\/\\\/imatraelekter.ee\\\/en\\\/network-service\\\/connection-network\\\/#primaryimage\",\"url\":\"https:\\\/\\\/www.imatraelekter.ee\\\/media\\\/Nupp_eng-300x49.jpg\",\"contentUrl\":\"https:\\\/\\\/www.imatraelekter.ee\\\/media\\\/Nupp_eng-300x49.jpg\"},{\"@type\":\"BreadcrumbList\",\"@id\":\"https:\\\/\\\/imatraelekter.ee\\\/en\\\/network-service\\\/connection-network\\\/#breadcrumb\",\"itemListElement\":[{\"@type\":\"ListItem\",\"position\":1,\"name\":\"Home\",\"item\":\"https:\\\/\\\/imatraelekter.ee\\\/en\\\/\"},{\"@type\":\"ListItem\",\"position\":2,\"name\":\"Network service\",\"item\":\"https:\\\/\\\/imatraelekter.ee\\\/en\\\/network-service\\\/\"},{\"@type\":\"ListItem\",\"position\":3,\"name\":\"Connection to the network\"}]},{\"@type\":\"WebSite\",\"@id\":\"https:\\\/\\\/imatraelekter.ee\\\/en\\\/#website\",\"url\":\"https:\\\/\\\/imatraelekter.ee\\\/en\\\/\",\"name\":\"Imatra Elekter\",\"description\":\"Elektrim\u00fc\u00fck ja jaotus\",\"potentialAction\":[{\"@type\":\"SearchAction\",\"target\":{\"@type\":\"EntryPoint\",\"urlTemplate\":\"https:\\\/\\\/imatraelekter.ee\\\/en\\\/?s={search_term_string}\"},\"query-input\":{\"@type\":\"PropertyValueSpecification\",\"valueRequired\":true,\"valueName\":\"search_term_string\"}}],\"inLanguage\":\"en-US\"}]}<\/script>\n<!-- \/ Yoast SEO plugin. -->","yoast_head_json":{"title":"Connection to the network - Imatra Elekter","robots":{"index":"index","follow":"follow","max-snippet":"max-snippet:-1","max-image-preview":"max-image-preview:large","max-video-preview":"max-video-preview:-1"},"canonical":"https:\/\/imatraelekter.ee\/en\/network-service\/connection-network\/","og_locale":"en_US","og_type":"article","og_title":"Connection to the network - Imatra Elekter","og_description":"We can add to our Network only these consumption places which are located in our operating area (L\u00e4\u00e4nemaa, P\u00f5hja-P\u00e4rnumaa in&hellip;","og_url":"https:\/\/imatraelekter.ee\/en\/network-service\/connection-network\/","og_site_name":"Imatra Elekter","article_modified_time":"2025-08-04T09:32:27+00:00","og_image":[{"url":"https:\/\/www.imatraelekter.ee\/media\/Nupp_eng-300x49.jpg","type":"","width":"","height":""}],"twitter_misc":{"Est. reading time":"4 minutes"},"schema":{"@context":"https:\/\/schema.org","@graph":[{"@type":"WebPage","@id":"https:\/\/imatraelekter.ee\/en\/network-service\/connection-network\/","url":"https:\/\/imatraelekter.ee\/en\/network-service\/connection-network\/","name":"Connection to the network - Imatra Elekter","isPartOf":{"@id":"https:\/\/imatraelekter.ee\/en\/#website"},"primaryImageOfPage":{"@id":"https:\/\/imatraelekter.ee\/en\/network-service\/connection-network\/#primaryimage"},"image":{"@id":"https:\/\/imatraelekter.ee\/en\/network-service\/connection-network\/#primaryimage"},"thumbnailUrl":"https:\/\/www.imatraelekter.ee\/media\/Nupp_eng-300x49.jpg","datePublished":"2025-03-08T07:45:09+00:00","dateModified":"2025-08-04T09:32:27+00:00","breadcrumb":{"@id":"https:\/\/imatraelekter.ee\/en\/network-service\/connection-network\/#breadcrumb"},"inLanguage":"en-US","potentialAction":[{"@type":"ReadAction","target":["https:\/\/imatraelekter.ee\/en\/network-service\/connection-network\/"]}]},{"@type":"ImageObject","inLanguage":"en-US","@id":"https:\/\/imatraelekter.ee\/en\/network-service\/connection-network\/#primaryimage","url":"https:\/\/www.imatraelekter.ee\/media\/Nupp_eng-300x49.jpg","contentUrl":"https:\/\/www.imatraelekter.ee\/media\/Nupp_eng-300x49.jpg"},{"@type":"BreadcrumbList","@id":"https:\/\/imatraelekter.ee\/en\/network-service\/connection-network\/#breadcrumb","itemListElement":[{"@type":"ListItem","position":1,"name":"Home","item":"https:\/\/imatraelekter.ee\/en\/"},{"@type":"ListItem","position":2,"name":"Network service","item":"https:\/\/imatraelekter.ee\/en\/network-service\/"},{"@type":"ListItem","position":3,"name":"Connection to the network"}]},{"@type":"WebSite","@id":"https:\/\/imatraelekter.ee\/en\/#website","url":"https:\/\/imatraelekter.ee\/en\/","name":"Imatra Elekter","description":"Elektrim\u00fc\u00fck ja jaotus","potentialAction":[{"@type":"SearchAction","target":{"@type":"EntryPoint","urlTemplate":"https:\/\/imatraelekter.ee\/en\/?s={search_term_string}"},"query-input":{"@type":"PropertyValueSpecification","valueRequired":true,"valueName":"search_term_string"}}],"inLanguage":"en-US"}]}},"_links":{"self":[{"href":"https:\/\/imatraelekter.ee\/en\/wp-json\/wp\/v2\/pages\/445","targetHints":{"allow":["GET"]}}],"collection":[{"href":"https:\/\/imatraelekter.ee\/en\/wp-json\/wp\/v2\/pages"}],"about":[{"href":"https:\/\/imatraelekter.ee\/en\/wp-json\/wp\/v2\/types\/page"}],"author":[{"embeddable":true,"href":"https:\/\/imatraelekter.ee\/en\/wp-json\/wp\/v2\/users\/2"}],"replies":[{"embeddable":true,"href":"https:\/\/imatraelekter.ee\/en\/wp-json\/wp\/v2\/comments?post=445"}],"version-history":[{"count":46,"href":"https:\/\/imatraelekter.ee\/en\/wp-json\/wp\/v2\/pages\/445\/revisions"}],"predecessor-version":[{"id":33370,"href":"https:\/\/imatraelekter.ee\/en\/wp-json\/wp\/v2\/pages\/445\/revisions\/33370"}],"up":[{"embeddable":true,"href":"https:\/\/imatraelekter.ee\/en\/wp-json\/wp\/v2\/pages\/499"}],"wp:attachment":[{"href":"https:\/\/imatraelekter.ee\/en\/wp-json\/wp\/v2\/media?parent=445"}],"curies":[{"name":"wp","href":"https:\/\/api.w.org\/{rel}","templated":true}]}}