{"id":488,"date":"2014-05-07T09:49:39","date_gmt":"2014-05-07T06:49:39","guid":{"rendered":"http:\/\/msharks.eu\/work\/imatra\/?page_id=488"},"modified":"2025-04-04T10:29:31","modified_gmt":"2025-04-04T07:29:31","slug":"company","status":"publish","type":"page","link":"https:\/\/imatraelekter.ee\/en\/company\/","title":{"rendered":"About company"},"content":{"rendered":"<p style=\"text-align: left;\">Imatra Elekter AS is an electricity company that offers its clients simple, reliable, environmentally friendly, safe and effective power distribution services.<\/p>\n<p>Our service areas are L\u00e4\u00e4ne and P\u00e4rnu\u00a0County and Viimsi municipality, in which:<br \/>\n\u2022 we service over\u00a0\u00a025 600 private and business customers;<br \/>\n\u2022 we operate 3091 km of 0.4-35 kV power lines;<br \/>\n\u2022 we have 1322 substations;<br \/>\n\u2022 Yearly electricity sale is approximately 226 GWh.<\/p>\n<p>Our team is dedicated to providing professional customer service: the number and duration of power cuts has been reduced significantly; effective solutions have been implemented to limit power losses; an e-services environment has been set up; and a new power measuring system is currently being developed. We employ 44 highly trained and motivated specialists.<\/p>\n<p>It\u2019s important to us to make the most efficient use of resources possible, whilst taking care of people and working towards a better, cleaner living environment. In our work we favour solutions that allow us to considerably diminish any negative impact on nature.<\/p>\n<p>Our goals here at Imatra Elekter AS are to remain a trustworthy partner and to provide a reliable source of power to our clients in L\u00e4\u00e4ne County and Viimsi municipality, offering exemplary customer service, eliminating outages and developing competent energy services.<\/p>\n<p>Imatra Elekter has been a part of Eesti Energia Group since July 23, 2021 and is a subsidiary of Elektrilevi, Estonia&#8217;s largest distribution network. The company\u2019s competitiveness is based on its ability to supply its own power and its high level of service, with a lot of attention being paid to the environment, energy efficiency and occupational health and safety.<\/p>\n","protected":false},"excerpt":{"rendered":"<p>Imatra Elekter AS is an electricity company that offers its clients simple, reliable, environmentally friendly, safe and effective power distribution&hellip;<\/p>\n","protected":false},"author":2,"featured_media":0,"parent":0,"menu_order":0,"comment_status":"closed","ping_status":"closed","template":"","meta":{"footnotes":""},"class_list":["post-488","page","type-page","status-publish","hentry"],"yoast_head":"<!-- This site is optimized with the Yoast SEO plugin v25.4 - https:\/\/yoast.com\/wordpress\/plugins\/seo\/ -->\n<title>About company - Imatra Elekter<\/title>\n<meta name=\"robots\" content=\"index, follow, max-snippet:-1, max-image-preview:large, max-video-preview:-1\" \/>\n<link rel=\"canonical\" href=\"https:\/\/imatraelekter.ee\/en\/company\/\" \/>\n<meta property=\"og:locale\" content=\"en_US\" \/>\n<meta property=\"og:type\" content=\"article\" \/>\n<meta property=\"og:title\" content=\"About company - Imatra Elekter\" \/>\n<meta property=\"og:description\" content=\"Imatra Elekter AS is an electricity company that offers its clients simple, reliable, environmentally friendly, safe and effective power distribution&hellip;\" \/>\n<meta property=\"og:url\" content=\"https:\/\/imatraelekter.ee\/en\/company\/\" \/>\n<meta property=\"og:site_name\" content=\"Imatra Elekter\" \/>\n<meta property=\"article:modified_time\" content=\"2025-04-04T07:29:31+00:00\" \/>\n<meta name=\"twitter:label1\" content=\"Est. reading time\" \/>\n\t<meta name=\"twitter:data1\" content=\"2 minutes\" \/>\n<script type=\"application\/ld+json\" class=\"yoast-schema-graph\">{\"@context\":\"https:\/\/schema.org\",\"@graph\":[{\"@type\":\"WebPage\",\"@id\":\"https:\/\/imatraelekter.ee\/en\/company\/\",\"url\":\"https:\/\/imatraelekter.ee\/en\/company\/\",\"name\":\"About company - Imatra Elekter\",\"isPartOf\":{\"@id\":\"https:\/\/imatraelekter.ee\/en\/#website\"},\"datePublished\":\"2014-05-07T06:49:39+00:00\",\"dateModified\":\"2025-04-04T07:29:31+00:00\",\"breadcrumb\":{\"@id\":\"https:\/\/imatraelekter.ee\/en\/company\/#breadcrumb\"},\"inLanguage\":\"en-US\",\"potentialAction\":[{\"@type\":\"ReadAction\",\"target\":[\"https:\/\/imatraelekter.ee\/en\/company\/\"]}]},{\"@type\":\"BreadcrumbList\",\"@id\":\"https:\/\/imatraelekter.ee\/en\/company\/#breadcrumb\",\"itemListElement\":[{\"@type\":\"ListItem\",\"position\":1,\"name\":\"Home\",\"item\":\"https:\/\/imatraelekter.ee\/en\/\"},{\"@type\":\"ListItem\",\"position\":2,\"name\":\"About company\"}]},{\"@type\":\"WebSite\",\"@id\":\"https:\/\/imatraelekter.ee\/en\/#website\",\"url\":\"https:\/\/imatraelekter.ee\/en\/\",\"name\":\"Imatra Elekter\",\"description\":\"Elektrim\u00fc\u00fck ja jaotus\",\"potentialAction\":[{\"@type\":\"SearchAction\",\"target\":{\"@type\":\"EntryPoint\",\"urlTemplate\":\"https:\/\/imatraelekter.ee\/en\/?s={search_term_string}\"},\"query-input\":{\"@type\":\"PropertyValueSpecification\",\"valueRequired\":true,\"valueName\":\"search_term_string\"}}],\"inLanguage\":\"en-US\"}]}<\/script>\n<!-- \/ Yoast SEO plugin. -->","yoast_head_json":{"title":"About company - Imatra Elekter","robots":{"index":"index","follow":"follow","max-snippet":"max-snippet:-1","max-image-preview":"max-image-preview:large","max-video-preview":"max-video-preview:-1"},"canonical":"https:\/\/imatraelekter.ee\/en\/company\/","og_locale":"en_US","og_type":"article","og_title":"About company - Imatra Elekter","og_description":"Imatra Elekter AS is an electricity company that offers its clients simple, reliable, environmentally friendly, safe and effective power distribution&hellip;","og_url":"https:\/\/imatraelekter.ee\/en\/company\/","og_site_name":"Imatra Elekter","article_modified_time":"2025-04-04T07:29:31+00:00","twitter_misc":{"Est. reading time":"2 minutes"},"schema":{"@context":"https:\/\/schema.org","@graph":[{"@type":"WebPage","@id":"https:\/\/imatraelekter.ee\/en\/company\/","url":"https:\/\/imatraelekter.ee\/en\/company\/","name":"About company - Imatra Elekter","isPartOf":{"@id":"https:\/\/imatraelekter.ee\/en\/#website"},"datePublished":"2014-05-07T06:49:39+00:00","dateModified":"2025-04-04T07:29:31+00:00","breadcrumb":{"@id":"https:\/\/imatraelekter.ee\/en\/company\/#breadcrumb"},"inLanguage":"en-US","potentialAction":[{"@type":"ReadAction","target":["https:\/\/imatraelekter.ee\/en\/company\/"]}]},{"@type":"BreadcrumbList","@id":"https:\/\/imatraelekter.ee\/en\/company\/#breadcrumb","itemListElement":[{"@type":"ListItem","position":1,"name":"Home","item":"https:\/\/imatraelekter.ee\/en\/"},{"@type":"ListItem","position":2,"name":"About company"}]},{"@type":"WebSite","@id":"https:\/\/imatraelekter.ee\/en\/#website","url":"https:\/\/imatraelekter.ee\/en\/","name":"Imatra Elekter","description":"Elektrim\u00fc\u00fck ja jaotus","potentialAction":[{"@type":"SearchAction","target":{"@type":"EntryPoint","urlTemplate":"https:\/\/imatraelekter.ee\/en\/?s={search_term_string}"},"query-input":{"@type":"PropertyValueSpecification","valueRequired":true,"valueName":"search_term_string"}}],"inLanguage":"en-US"}]}},"_links":{"self":[{"href":"https:\/\/imatraelekter.ee\/en\/wp-json\/wp\/v2\/pages\/488","targetHints":{"allow":["GET"]}}],"collection":[{"href":"https:\/\/imatraelekter.ee\/en\/wp-json\/wp\/v2\/pages"}],"about":[{"href":"https:\/\/imatraelekter.ee\/en\/wp-json\/wp\/v2\/types\/page"}],"author":[{"embeddable":true,"href":"https:\/\/imatraelekter.ee\/en\/wp-json\/wp\/v2\/users\/2"}],"replies":[{"embeddable":true,"href":"https:\/\/imatraelekter.ee\/en\/wp-json\/wp\/v2\/comments?post=488"}],"version-history":[{"count":13,"href":"https:\/\/imatraelekter.ee\/en\/wp-json\/wp\/v2\/pages\/488\/revisions"}],"predecessor-version":[{"id":32297,"href":"https:\/\/imatraelekter.ee\/en\/wp-json\/wp\/v2\/pages\/488\/revisions\/32297"}],"wp:attachment":[{"href":"https:\/\/imatraelekter.ee\/en\/wp-json\/wp\/v2\/media?parent=488"}],"curies":[{"name":"wp","href":"https:\/\/api.w.org\/{rel}","templated":true}]}}