{"id":499,"date":"2014-05-07T10:16:13","date_gmt":"2014-05-07T07:16:13","guid":{"rendered":"http:\/\/msharks.eu\/work\/imatra\/?page_id=499"},"modified":"2026-02-04T15:44:22","modified_gmt":"2026-02-04T13:44:22","slug":"network-service","status":"publish","type":"page","link":"https:\/\/imatraelekter.ee\/en\/network-service\/","title":{"rendered":"Network service"},"content":{"rendered":"<p>We provide network services in two regions &#8211; Viimsi parish and L\u00e4\u00e4nemaa (including P\u00f5hja-P\u00e4rnumaa parish in former area of L\u00e4\u00e4nemaa). Due to that network service in monoply service, the costumers can not choose their network oprators like they can choose electricity sellers.<\/p>\n<h2>How to connect?<\/h2>\n<p>With our network only these costumers can connect who has consumption place in our working areas (Viimsi and West county). In following table You can find the charges which are applied for different connection <span class=\"hps alt-edited\">activities<\/span>.<\/p>\n<table class=\"table table-striped table-bordered\" style=\"width: 100%;\">\n<caption class=\"h4\"><strong>Price list (All prices incl. VAT)<\/strong><\/caption>\n<tbody>\n<tr>\n<td rowspan=\"2\"><\/td>\n<td style=\"text-align: center;\"><span style=\"font-family: Verdana; font-size: small;\">In fixed tariff area<\/span><\/td>\n<td style=\"text-align: center;\"><span style=\"font-size: small;\">Outside of fixed tariff area<\/span><\/td>\n<\/tr>\n<tr>\n<td style=\"text-align: center;\"><strong>\u00a0<strong>Price, \u20ac\/Amp<\/strong><\/strong><\/td>\n<td style=\"text-align: center;\"><strong><strong>Price, \u20ac\/Amp<\/strong><\/strong><\/td>\n<\/tr>\n<tr>\n<td>\u00a0New connection<\/td>\n<td style=\"text-align: center;\">\u00a091,20<\/td>\n<td style=\"text-align: center;\">calculated on the basis of actual expenses<\/td>\n<\/tr>\n<tr>\n<td>\u00a0Increasing the amperage of a main fuse<\/td>\n<td style=\"text-align: center;\">\u00a091,20<\/td>\n<td style=\"text-align: center;\">calculated on the basis of actual expenses<\/td>\n<\/tr>\n<tr>\n<td>Changing to a three-phase connection<\/td>\n<td style=\"text-align: center;\">\u00a042,00<\/td>\n<td style=\"text-align: center;\">calculated on the basis of actual expenses<\/td>\n<\/tr>\n<\/tbody>\n<\/table>\n<div id=\"network-package-calculator\">\n\t<h2>Choose the best package<\/h2>\n\t<form method=\"get\" action=\"?\" class=\"form-horizontal\" role=\"form\">\n\t\t<div class=\"form-group\">\n\t\t\t<label for=\"phase\" class=\"control-label text-left col-sm-4\">Number of phases:<\/label>\n\t\t\t<div class=\"col-sm-4\">\n\t\t\t\t<select name=\"phase\" id=\"phase\" class=\"required\">\n\t\t\t\t\t<option value=\"1\">1<\/option>\n\t\t\t\t\t<option value=\"3\">3<\/option>\n\t\t\t\t<\/select>\n\t\t\t<\/div>\n\t\t<\/div>\n\t\t<div class=\"form-group\">\n\t\t\t<label for=\"main_fuse\" class=\"control-label text-left col-sm-4\">Main circuit breaker <span class=\"text-primary multiplier\">1x<\/span>:<\/label>\n\t\t\t<div class=\"col-sm-4\">\n\t\t\t\t<select name=\"main_fuse\" id=\"main_fuse\" class=\"required\">\n\t\t\t\t\t<option>6<\/option>\n\t\t\t\t\t<option>10<\/option>\n\t\t\t\t\t<option>13<\/option>\n\t\t\t\t\t<option>16<\/option>\n\t\t\t\t\t<option>20<\/option>\n\t\t\t\t\t<option>25<\/option>\n\t\t\t\t\t<option>32<\/option>\n\t\t\t\t\t<option>40<\/option>\n\t\t\t\t\t<option>50<\/option>\n\t\t\t\t\t<option>63<\/option>\n\t\t\t\t\t<option>80<\/option>\n\t\t\t\t\t<option>100<\/option>\n\t\t\t\t\t<option>125<\/option>\n\t\t\t\t\t<option>150<\/option>\n\t\t\t\t\t<option>160<\/option>\n\t\t\t\t\t<option>180<\/option>\n\t\t\t\t\t<option>200<\/option>\n\t\t\t\t\t<option>250<\/option>\n\t\t\t\t\t<option>315<\/option>\n\t\t\t\t\t<option>400<\/option>\n\t\t\t\t\t<option>500<\/option>\n\t\t\t\t\t<option>630<\/option>\n\t\t\t\t\t<option>800<\/option>\n\t\t\t\t\t<option>1000<\/option>\n\t\t\t\t<\/select> \n\t\t\t\tA\t\t\t<\/div>\n\t\t<\/div>\n\t\t<div class=\"form-group\">\n\t\t\t<label for=\"consumption\" class=\"control-label text-left col-sm-4\">Your yearly consumption:<\/label>\n\t\t\t<div class=\"col-sm-4\">\n\t\t\t\t<input type=\"text\" id=\"consumption\" name=\"consumption\" class=\"larger required\"> kWh\t\t\t<\/div>\n\t\t<\/div>\n\t\t<div class=\"form-group\">\n\t\t\t<label for=\"daytime\" class=\"control-label text-left col-sm-4\">Day tariff:<\/label>\n\t\t\t<div class=\"col-sm-4\">\n\t\t\t\t<input type=\"text\" id=\"daytime\" name=\"daytime\" class=\"required\"> %\n\t\t\t<\/div>\n\t\t<\/div>\n\t\t<div class=\"form-group\">\n\t\t\t<label for=\"nighttime\" class=\"control-label text-left col-sm-4\">Night tariff:<\/label>\n\t\t\t<div class=\"col-sm-4\">\n\t\t\t\t<input type=\"text\" id=\"nighttime\" name=\"nighttime\" class=\"\" readonly=\"readonly\"> %\n\t\t\t<\/div>\n\t\t<\/div>\n\t\t<div class=\"calculator-results-wrap hide\">\n\t\t\t<div class=\"form-group\">\n\t\t\t\t<div class=\"control-label col-sm-4\">Package<\/div>\n\t\t\t\t<div class=\"control-label col-sm-8\">Package price incl. VAT (eur)<\/div>\n\t\t\t<\/div>\n\t\t\t<div class=\"form-group\">\n\t\t\t\t<div class=\"col-sm-4\"><input type=\"text\" id=\"package-name\" readonly=\"readonly\" class=\"text-primary larger\"><\/div>\n\t\t\t\t<div class=\"col-sm-8\"><input type=\"text\" id=\"package-yearly\" readonly=\"readonly\" class=\"text-primary larger\"><\/div>\n\t\t\t<\/div>\n\t\t\t<div class=\"form-group\">\n\t\t\t\t<div class=\"control-label col-sm-4\">Package<\/div>\n\t\t\t\t<div class=\"control-label col-sm-4\">Package price incl. VAT (eur)<\/div>\n\t\t\t\t<div class=\"control-label col-sm-4\">Average kWh price incl. VAT (cent)<\/div>\n\t\t\t<\/div>\n\t\t\t<div class=\"calculator-results\"><\/div> <!-- .calculator-results -->\n\t\t<\/div> <!-- .calculator-results-wrap -->\n\t\t<input type=\"hidden\" name=\"action\" value=\"find_lowest_network_package\">\n\t<\/form>\n<\/div>\n\n<blockquote><p>* Calculator uses only network service prices. \u00a0On the electricity bill there is also electricity price, renewable energy fee, electricity excise and security of supply charge.<\/p><\/blockquote>\n","protected":false},"excerpt":{"rendered":"<p>We provide network services in two regions &#8211; Viimsi parish and L\u00e4\u00e4nemaa (including P\u00f5hja-P\u00e4rnumaa parish in former area of L\u00e4\u00e4nemaa).&hellip;<\/p>\n","protected":false},"author":2,"featured_media":0,"parent":0,"menu_order":0,"comment_status":"closed","ping_status":"closed","template":"","meta":{"footnotes":""},"class_list":["post-499","page","type-page","status-publish","hentry"],"yoast_head":"<!-- This site is optimized with the Yoast SEO plugin v25.4 - https:\/\/yoast.com\/wordpress\/plugins\/seo\/ -->\n<title>Network service - Imatra Elekter<\/title>\n<meta name=\"robots\" content=\"index, follow, max-snippet:-1, max-image-preview:large, max-video-preview:-1\" \/>\n<link rel=\"canonical\" href=\"https:\/\/imatraelekter.ee\/en\/network-service\/\" \/>\n<meta property=\"og:locale\" content=\"en_US\" \/>\n<meta property=\"og:type\" content=\"article\" \/>\n<meta property=\"og:title\" content=\"Network service - Imatra Elekter\" \/>\n<meta property=\"og:description\" content=\"We provide network services in two regions &#8211; Viimsi parish and L\u00e4\u00e4nemaa (including P\u00f5hja-P\u00e4rnumaa parish in former area of L\u00e4\u00e4nemaa).&hellip;\" \/>\n<meta property=\"og:url\" content=\"https:\/\/imatraelekter.ee\/en\/network-service\/\" \/>\n<meta property=\"og:site_name\" content=\"Imatra Elekter\" \/>\n<meta property=\"article:modified_time\" content=\"2026-02-04T13:44:22+00:00\" \/>\n<meta name=\"twitter:label1\" content=\"Est. reading time\" \/>\n\t<meta name=\"twitter:data1\" content=\"1 minute\" \/>\n<script type=\"application\/ld+json\" class=\"yoast-schema-graph\">{\"@context\":\"https:\/\/schema.org\",\"@graph\":[{\"@type\":\"WebPage\",\"@id\":\"https:\/\/imatraelekter.ee\/en\/network-service\/\",\"url\":\"https:\/\/imatraelekter.ee\/en\/network-service\/\",\"name\":\"Network service - Imatra Elekter\",\"isPartOf\":{\"@id\":\"https:\/\/imatraelekter.ee\/en\/#website\"},\"datePublished\":\"2014-05-07T07:16:13+00:00\",\"dateModified\":\"2026-02-04T13:44:22+00:00\",\"breadcrumb\":{\"@id\":\"https:\/\/imatraelekter.ee\/en\/network-service\/#breadcrumb\"},\"inLanguage\":\"en-US\",\"potentialAction\":[{\"@type\":\"ReadAction\",\"target\":[\"https:\/\/imatraelekter.ee\/en\/network-service\/\"]}]},{\"@type\":\"BreadcrumbList\",\"@id\":\"https:\/\/imatraelekter.ee\/en\/network-service\/#breadcrumb\",\"itemListElement\":[{\"@type\":\"ListItem\",\"position\":1,\"name\":\"Home\",\"item\":\"https:\/\/imatraelekter.ee\/en\/\"},{\"@type\":\"ListItem\",\"position\":2,\"name\":\"Network service\"}]},{\"@type\":\"WebSite\",\"@id\":\"https:\/\/imatraelekter.ee\/en\/#website\",\"url\":\"https:\/\/imatraelekter.ee\/en\/\",\"name\":\"Imatra Elekter\",\"description\":\"Elektrim\u00fc\u00fck ja jaotus\",\"potentialAction\":[{\"@type\":\"SearchAction\",\"target\":{\"@type\":\"EntryPoint\",\"urlTemplate\":\"https:\/\/imatraelekter.ee\/en\/?s={search_term_string}\"},\"query-input\":{\"@type\":\"PropertyValueSpecification\",\"valueRequired\":true,\"valueName\":\"search_term_string\"}}],\"inLanguage\":\"en-US\"}]}<\/script>\n<!-- \/ Yoast SEO plugin. -->","yoast_head_json":{"title":"Network service - Imatra Elekter","robots":{"index":"index","follow":"follow","max-snippet":"max-snippet:-1","max-image-preview":"max-image-preview:large","max-video-preview":"max-video-preview:-1"},"canonical":"https:\/\/imatraelekter.ee\/en\/network-service\/","og_locale":"en_US","og_type":"article","og_title":"Network service - Imatra Elekter","og_description":"We provide network services in two regions &#8211; Viimsi parish and L\u00e4\u00e4nemaa (including P\u00f5hja-P\u00e4rnumaa parish in former area of L\u00e4\u00e4nemaa).&hellip;","og_url":"https:\/\/imatraelekter.ee\/en\/network-service\/","og_site_name":"Imatra Elekter","article_modified_time":"2026-02-04T13:44:22+00:00","twitter_misc":{"Est. reading time":"1 minute"},"schema":{"@context":"https:\/\/schema.org","@graph":[{"@type":"WebPage","@id":"https:\/\/imatraelekter.ee\/en\/network-service\/","url":"https:\/\/imatraelekter.ee\/en\/network-service\/","name":"Network service - Imatra Elekter","isPartOf":{"@id":"https:\/\/imatraelekter.ee\/en\/#website"},"datePublished":"2014-05-07T07:16:13+00:00","dateModified":"2026-02-04T13:44:22+00:00","breadcrumb":{"@id":"https:\/\/imatraelekter.ee\/en\/network-service\/#breadcrumb"},"inLanguage":"en-US","potentialAction":[{"@type":"ReadAction","target":["https:\/\/imatraelekter.ee\/en\/network-service\/"]}]},{"@type":"BreadcrumbList","@id":"https:\/\/imatraelekter.ee\/en\/network-service\/#breadcrumb","itemListElement":[{"@type":"ListItem","position":1,"name":"Home","item":"https:\/\/imatraelekter.ee\/en\/"},{"@type":"ListItem","position":2,"name":"Network service"}]},{"@type":"WebSite","@id":"https:\/\/imatraelekter.ee\/en\/#website","url":"https:\/\/imatraelekter.ee\/en\/","name":"Imatra Elekter","description":"Elektrim\u00fc\u00fck ja jaotus","potentialAction":[{"@type":"SearchAction","target":{"@type":"EntryPoint","urlTemplate":"https:\/\/imatraelekter.ee\/en\/?s={search_term_string}"},"query-input":{"@type":"PropertyValueSpecification","valueRequired":true,"valueName":"search_term_string"}}],"inLanguage":"en-US"}]}},"_links":{"self":[{"href":"https:\/\/imatraelekter.ee\/en\/wp-json\/wp\/v2\/pages\/499","targetHints":{"allow":["GET"]}}],"collection":[{"href":"https:\/\/imatraelekter.ee\/en\/wp-json\/wp\/v2\/pages"}],"about":[{"href":"https:\/\/imatraelekter.ee\/en\/wp-json\/wp\/v2\/types\/page"}],"author":[{"embeddable":true,"href":"https:\/\/imatraelekter.ee\/en\/wp-json\/wp\/v2\/users\/2"}],"replies":[{"embeddable":true,"href":"https:\/\/imatraelekter.ee\/en\/wp-json\/wp\/v2\/comments?post=499"}],"version-history":[{"count":17,"href":"https:\/\/imatraelekter.ee\/en\/wp-json\/wp\/v2\/pages\/499\/revisions"}],"predecessor-version":[{"id":34612,"href":"https:\/\/imatraelekter.ee\/en\/wp-json\/wp\/v2\/pages\/499\/revisions\/34612"}],"wp:attachment":[{"href":"https:\/\/imatraelekter.ee\/en\/wp-json\/wp\/v2\/media?parent=499"}],"curies":[{"name":"wp","href":"https:\/\/api.w.org\/{rel}","templated":true}]}}