{"id":5485,"date":"2018-06-08T11:59:18","date_gmt":"2018-06-08T08:59:18","guid":{"rendered":"http:\/\/www.imatraelekter.ee\/?page_id=5485\/"},"modified":"2025-06-18T11:24:37","modified_gmt":"2025-06-18T08:24:37","slug":"%d0%be%d0%b1%d1%80%d0%b0%d0%b1%d0%be%d1%82%d0%ba%d0%b0-%d0%bf%d0%b5%d1%80%d1%81%d0%be%d0%bd%d0%b0%d0%bb%d1%8c%d0%bd%d1%8b%d1%85-%d0%b4%d0%b0%d0%bd%d0%bd%d1%8b%d1%85","status":"publish","type":"page","link":"https:\/\/imatraelekter.ee\/ru\/%d0%be-%d1%84%d0%b8%d1%80%d0%bc%d0%b5\/%d0%be%d0%b1%d1%80%d0%b0%d0%b1%d0%be%d1%82%d0%ba%d0%b0-%d0%bf%d0%b5%d1%80%d1%81%d0%be%d0%bd%d0%b0%d0%bb%d1%8c%d0%bd%d1%8b%d1%85-%d0%b4%d0%b0%d0%bd%d0%bd%d1%8b%d1%85\/","title":{"rendered":"\u041e\u0431\u0440\u0430\u0431\u043e\u0442\u043a\u0430 \u043f\u0435\u0440\u0441\u043e\u043d\u0430\u043b\u044c\u043d\u044b\u0445 \u0434\u0430\u043d\u043d\u044b\u0445"},"content":{"rendered":"<blockquote><p><span id=\"result_box\" class=\"short_text\" lang=\"ru\"><span class=\"alt-edited\">\u041a\u043e\u043d\u043a\u0440\u0435\u0442\u043d\u044b\u0435 \u043f\u0440\u0438\u043d\u0446\u0438\u043f\u044b \u043c\u043e\u0436\u043d\u043e \u043f\u043e\u0441\u043c\u043e\u0442\u0440\u0435\u0442\u044c <a href=\"https:\/\/public-docs.elektrilevi.ee\/2\/10\/kliendiandmete_tootlemise_pohimotted_rus_8e4ed8d5e2.pdf\">\u0437\u0434\u0435\u0441\u044c<\/a><\/span><\/span><\/p><\/blockquote>\n<p>&nbsp;<\/p>\n<p><strong>\u041f\u0435\u0440\u0441\u043e\u043d\u0430\u043b\u044c\u043d\u044b\u0435 \u0434\u0430\u043d\u043d\u044b\u0435<\/strong><\/p>\n<p>\u042d\u0442\u043e \u043b\u044e\u0431\u0430\u044f \u0438\u043d\u0444\u043e\u0440\u043c\u0430\u0446\u0438\u044f, \u043e\u0442\u043d\u043e\u0441\u044f\u0449\u0430\u044f\u0441\u044f \u043a \u0438\u0434\u0435\u043d\u0442\u0438\u0444\u0438\u0446\u0438\u0440\u043e\u0432\u0430\u043d\u043d\u043e\u043c\u0443 \u0438\u043b\u0438 \u0438\u0434\u0435\u043d\u0442\u0438\u0444\u0438\u0446\u0438\u0440\u0443\u0435\u043c\u043e\u043c\u0443 \u0444\u0438\u0437\u0438\u0447\u0435\u0441\u043a\u043e\u043c\u0443 \u043b\u0438\u0446\u0443 (\u0441\u0443\u0431\u044a\u0435\u043a\u0442 \u0434\u0430\u043d\u043d\u044b\u0445), \u043f\u043e \u043a\u043e\u0442\u043e\u0440\u043e\u0439 \u043f\u0440\u044f\u043c\u043e \u0438\u043b\u0438 \u043a\u043e\u0441\u0432\u0435\u043d\u043d\u043e \u043c\u043e\u0436\u043d\u043e \u0435\u0433\u043e \u043e\u043f\u0440\u0435\u0434\u0435\u043b\u0438\u0442\u044c. \u041a \u0442\u0430\u043a\u043e\u0439 \u0438\u043d\u0444\u043e\u0440\u043c\u0430\u0446\u0438\u0438 \u043e\u0442\u043d\u043e\u0441\u0438\u0442\u0441\u044f \u0438\u043c\u044f, \u043b\u0438\u0447\u043d\u044b\u0439 \u043a\u043e\u0434, \u0434\u0430\u043d\u043d\u044b\u0435 \u043e \u043c\u0435\u0441\u0442\u043e\u043f\u043e\u043b\u043e\u0436\u0435\u043d\u0438\u0438, \u043e\u043d\u043b\u0430\u0439\u043d \u0438\u0434\u0435\u043d\u0442\u0438\u0444\u0438\u043a\u0430\u0442\u043e\u0440 \u0438\u043b\u0438 \u043e\u0434\u0438\u043d \u0438\u043b\u0438 \u043d\u0435\u0441\u043a\u043e\u043b\u044c\u043a\u043e \u0444\u0430\u043a\u0442\u043e\u0440\u043e\u0432 \u0445\u0430\u0440\u0430\u043a\u0442\u0435\u0440\u043d\u044b\u0445 \u0434\u043b\u044f \u0444\u0438\u0437\u0438\u0447\u0435\u0441\u043a\u043e\u0439, \u0444\u0438\u0437\u0438\u043e\u043b\u043e\u0433\u0438\u0447\u0435\u0441\u043a\u043e\u0439, \u0433\u0435\u043d\u0435\u0442\u0438\u0447\u0435\u0441\u043a\u043e\u0439, \u0443\u043c\u0441\u0442\u0432\u0435\u043d\u043d\u043e\u0439, \u044d\u043a\u043e\u043d\u043e\u043c\u0438\u0447\u0435\u0441\u043a\u043e\u0439, \u043a\u0443\u043b\u044c\u0442\u0443\u0440\u043d\u043e\u0439 \u0438\u043b\u0438 \u0441\u043e\u0446\u0438\u0430\u043b\u044c\u043d\u043e\u0439 \u0438\u0434\u0435\u043d\u0442\u0438\u0447\u043d\u043e\u0441\u0442\u0438 \u044d\u0442\u043e\u0433\u043e \u0444\u0438\u0437\u0438\u0447\u0435\u0441\u043a\u043e\u0433\u043e \u043b\u0438\u0446\u0430. \u041f\u0435\u0440\u0441\u043e\u043d\u0430\u043b\u044c\u043d\u044b\u0435 \u0434\u0430\u043d\u043d\u044b\u0435, \u043e\u0442\u043d\u043e\u0441\u044f\u0449\u0438\u0435\u0441\u044f \u043a \u043a\u0430\u0442\u0435\u0433\u043e\u0440\u0438\u0438 \u043e\u0441\u043e\u0431\u044b\u0445 \u0438\u043b\u0438 \u043a\u043e\u043d\u0444\u0438\u0434\u0435\u043d\u0446\u0438\u0430\u043b\u044c\u043d\u044b\u0445 \u043f\u0435\u0440\u0441\u043e\u043d\u0430\u043b\u044c\u043d\u044b\u0445 \u0434\u0430\u043d\u043d\u044b\u0445, Imatra Elekter AS \u043d\u0435 \u043e\u0431\u0440\u0430\u0431\u0430\u0442\u044b\u0432\u0430\u0435\u0442 .<\/p>\n<p>&nbsp;<\/p>\n<p><strong>\u0411\u0435\u0437\u043e\u043f\u0430\u0441\u043d\u043e\u0441\u0442\u044c<\/strong><\/p>\n<p>\u041c\u044b \u043f\u0440\u0438\u043d\u0438\u043c\u0430\u0435\u043c \u0441\u043e\u0432\u0440\u0435\u043c\u0435\u043d\u043d\u044b\u0435 \u043c\u0435\u0440\u044b \u0431\u0435\u0437\u043e\u043f\u0430\u0441\u043d\u043e\u0441\u0442\u0438 (\u0432\u043a\u043b\u044e\u0447\u0430\u044f \u0448\u0438\u0444\u0440\u043e\u0432\u0430\u043d\u0438\u0435) \u0434\u043b\u044f \u043e\u0431\u0435\u0441\u043f\u0435\u0447\u0435\u043d\u0438\u044f \u043d\u0430\u0438\u043b\u0443\u0447\u0448\u0435\u0439 \u0437\u0430\u0449\u0438\u0442\u044b \u043f\u0435\u0440\u0441\u043e\u043d\u0430\u043b\u044c\u043d\u044b\u0445 \u0434\u0430\u043d\u043d\u044b\u0445 \u0441\u0443\u0431\u044a\u0435\u043a\u0442\u043e\u0432 \u0434\u0430\u043d\u043d\u044b\u0445.<\/p>\n<p>&nbsp;<\/p>\n<p><strong>\u041c\u0438\u043d\u0438\u043c\u0430\u043b\u044c\u043d\u043e\u0441\u0442\u044c<\/strong><\/p>\n<p>\u041c\u044b \u0441\u043e\u0431\u0438\u0440\u0430\u0435\u043c \u043f\u0435\u0440\u0441\u043e\u043d\u0430\u043b\u044c\u043d\u044b\u0435 \u0434\u0430\u043d\u043d\u044b\u0435 \u0432 \u043c\u0438\u043d\u0438\u043c\u0430\u043b\u044c\u043d\u043e\u043c \u043e\u0431\u044a\u0435\u043c\u0435, \u043d\u0435\u043e\u0431\u0445\u043e\u0434\u0438\u043c\u043e\u043c \u0434\u043b\u044f \u043e\u0431\u0435\u0441\u043f\u0435\u0447\u0435\u043d\u0438\u044f \u043a\u0430\u043a \u043f\u0440\u0430\u0432 \u0441\u0443\u0431\u044a\u0435\u043a\u0442\u0430 \u0434\u0430\u043d\u043d\u044b\u0445, \u0442\u0430\u043a \u0438 \u043f\u043e\u0442\u0440\u0435\u0431\u043d\u043e\u0441\u0442\u0435\u0439 Imatra Elekter AS \u0434\u043b\u044f \u043e\u0431\u0435\u0441\u043f\u0435\u0447\u0435\u043d\u0438\u044f \u043a\u0430\u0447\u0435\u0441\u0442\u0432\u0435\u043d\u043d\u043e\u0433\u043e \u0438 \u044d\u0444\u0444\u0435\u043a\u0442\u0438\u0432\u043d\u043e\u0433\u043e \u043e\u0431\u0441\u043b\u0443\u0436\u0438\u0432\u0430\u043d\u0438\u044f. \u041f\u0435\u0440\u0441\u043e\u043d\u0430\u043b\u044c\u043d\u044b\u0435 \u0434\u0430\u043d\u043d\u044b\u0435 \u0441\u043e\u0431\u0438\u0440\u0430\u044e\u0442\u0441\u044f \u0434\u043b\u044f \u043a\u043e\u043d\u043a\u0440\u0435\u0442\u043d\u044b\u0445 \u0438 \u044f\u0441\u043d\u043e \u043e\u043f\u0440\u0435\u0434\u0435\u043b\u0435\u043d\u043d\u044b\u0445 \u0437\u0430\u043a\u043e\u043d\u043d\u044b\u0445 \u0446\u0435\u043b\u0435\u0439 \u0438 \u043d\u0435 \u0431\u0443\u0434\u0443\u0442 \u043f\u043e\u0437\u0436\u0435 \u0438\u0441\u043f\u043e\u043b\u044c\u0437\u043e\u0432\u0430\u0442\u044c\u0441\u044f \u0432 \u043f\u0440\u043e\u0442\u0438\u0432\u043e\u0440\u0435\u0447\u0438\u0438 \u0441 \u044d\u0442\u0438\u043c\u0438 \u0446\u0435\u043b\u044f\u043c\u0438.<\/p>\n<p>&nbsp;<\/p>\n<p><strong>\u0422\u0440\u0435\u0442\u044c\u0438 \u0441\u0442\u043e\u0440\u043e\u043d\u044b<\/strong><\/p>\n<p>\u0422\u0440\u0435\u0442\u044c\u0438\u043c \u0441\u0442\u043e\u0440\u043e\u043d\u0430\u043c \u043c\u044b \u043f\u0435\u0440\u0435\u0434\u0430\u0435\u043c \u043f\u0435\u0440\u0441\u043e\u043d\u0430\u043b\u044c\u043d\u044b\u0435 \u0434\u0430\u043d\u043d\u044b\u0435 \u0442\u043e\u043b\u044c\u043a\u043e \u0432 \u0446\u0435\u043b\u044f\u0445 \u0432\u044b\u043f\u043e\u043b\u043d\u0435\u043d\u0438\u044f \u0434\u043e\u0433\u043e\u0432\u043e\u0440\u043e\u0432 \u0438 \u043e\u0431\u044f\u0437\u0430\u0442\u0435\u043b\u044c\u0441\u0442\u0432, \u0432\u044b\u0442\u0435\u043a\u0430\u044e\u0449\u0438\u0445 \u0438\u0437 \u0437\u0430\u043a\u043e\u043d\u0430. \u0421\u043f\u0438\u0441\u043e\u043a \u0434\u043e\u0432\u0435\u0440\u0435\u043d\u043d\u044b\u0445 \u043e\u0431\u0440\u0430\u0431\u043e\u0442\u0447\u0438\u043a\u043e\u0432 \u0434\u0430\u043d\u043d\u044b\u0445 \u043c\u043e\u0436\u043d\u043e \u043d\u0430\u0439\u0442\u0438 <a href=\"https:\/\/imatraelekter.ee\/media\/Imatra-Elekter-AS-volitatud-tootlejad-02.07.2024-2.pdf\">\u0437\u0434\u0435\u0441\u044c<\/a>.<\/p>\n<p>&nbsp;<\/p>\n<p><strong>\u0426\u0435\u043b\u044c<\/strong><\/p>\n<p>\u041d\u0435\u043e\u0431\u0445\u043e\u0434\u0438\u043c\u043e\u0441\u0442\u044c \u043e\u0431\u0440\u0430\u0431\u043e\u0442\u043a\u0438 \u043f\u0435\u0440\u0441\u043e\u043d\u0430\u043b\u044c\u043d\u044b\u0445 \u0434\u0430\u043d\u043d\u044b\u0445 \u0432 \u043f\u0435\u0440\u0432\u0443\u044e \u043e\u0447\u0435\u0440\u0435\u0434\u044c \u0441\u0432\u044f\u0437\u0430\u043d\u0430 \u0441 \u0446\u0435\u043b\u044c\u044e \u0432\u044b\u043f\u043e\u043b\u043d\u0435\u043d\u0438\u044f \u0434\u043e\u0433\u043e\u0432\u043e\u0440\u043e\u0432. \u0421\u0443\u0431\u044a\u0435\u043a\u0442 \u0434\u0430\u043d\u043d\u044b\u0445 \u0438\u043c\u0435\u0435\u0442 \u043f\u0440\u0430\u0432\u043e \u0432 \u043b\u044e\u0431\u043e\u0435 \u0432\u0440\u0435\u043c\u044f \u0432 \u0441\u043e\u043e\u0442\u0432\u0435\u0442\u0441\u0442\u0432\u0438\u0438 \u0441 \u00a7\u00a7 23 \u0438 24 \u0417\u0430\u043a\u043e\u043d\u0430 \u043e \u0437\u0430\u0449\u0438\u0442\u0435 \u043f\u0435\u0440\u0441\u043e\u043d\u0430\u043b\u044c\u043d\u044b\u0445 \u0434\u0430\u043d\u043d\u044b\u0445 \u0442\u0440\u0435\u0431\u043e\u0432\u0430\u0442\u044c \u0432\u043d\u0435\u0441\u0435\u043d\u0438\u044f \u0438\u0437\u043c\u0435\u043d\u0435\u043d\u0438\u0439, \u0443\u0434\u0430\u043b\u0435\u043d\u0438\u044f \u0438\u043b\u0438 \u043f\u0440\u0435\u043a\u0440\u0430\u0449\u0435\u043d\u0438\u044f \u043e\u0431\u0440\u0430\u0431\u043e\u0442\u043a\u0438 \u0441\u0432\u043e\u0438\u0445 \u043f\u0435\u0440\u0441\u043e\u043d\u0430\u043b\u044c\u043d\u044b\u0445 \u0434\u0430\u043d\u043d\u044b\u0445.<\/p>\n<p>\u0421\u043f\u0435\u0446\u0438\u0430\u043b\u0438\u0441\u0442 \u043f\u043e \u0437\u0430\u0449\u0438\u0442\u0435 \u0434\u0430\u043d\u043d\u044b\u0445<\/p>\n<p>\u0421\u043f\u0435\u0446\u0438\u0430\u043b\u0438\u0441\u0442 \u043f\u043e \u0437\u0430\u0449\u0438\u0442\u0435 \u0434\u0430\u043d\u043d\u044b\u0445 Imatra Elekter AS -Triin Kihuoja, \u0441 \u043a\u043e\u0442\u043e\u0440\u044b\u043c \u0432\u044b \u043c\u043e\u0436\u0435\u0442\u0435 \u0441\u0432\u044f\u0437\u0430\u0442\u044c\u0441\u044f \u043f\u043e \u044d\u043b\u0435\u043a\u0442\u0440\u043e\u043d\u043d\u043e\u0439 \u043f\u043e\u0447\u0442\u0435: <a href=\"mailto:andmekaitse@elektrilevi.ee\">andmekaitse@elektrilevi.ee<\/a><\/p>\n<p>&nbsp;<\/p>\n<p><strong>\u041f\u0435\u0440\u0435\u0434\u0430\u0447\u0430<\/strong><\/p>\n<p>\u041f\u0435\u0440\u0435\u0434\u0430\u0447\u0430 \u043f\u0435\u0440\u0441\u043e\u043d\u0430\u043b\u044c\u043d\u044b\u0445 \u0434\u0430\u043d\u043d\u044b\u0445, \u043f\u0440\u0435\u0434\u043e\u0441\u0442\u0430\u0432\u043b\u0435\u043d\u043d\u044b\u0445 \u0441\u0443\u0431\u044a\u0435\u043a\u0442\u043e\u043c \u0434\u0430\u043d\u043d\u044b\u0445 \u043d\u0435\u043f\u043e\u0441\u0440\u0435\u0434\u0441\u0442\u0432\u0435\u043d\u043d\u043e \u043e\u0431\u0440\u0430\u0431\u043e\u0442\u0447\u0438\u043a\u0443, \u043f\u0440\u043e\u0438\u0441\u0445\u043e\u0434\u0438\u0442 \u0432 \u0444\u043e\u0440\u043c\u0430\u0442\u0435 MS Excel. \u0414\u0430\u043d\u043d\u044b\u0435 \u043f\u043e\u0442\u0440\u0435\u0431\u043b\u0435\u043d\u0438\u044f \u0438 \u0442\u0435\u0445\u043d\u0438\u0447\u0435\u0441\u043a\u0438\u0435 \u0434\u0430\u043d\u043d\u044b\u0435 \u043f\u0443\u043d\u043a\u0442\u0430 \u0438\u0437\u043c\u0435\u0440\u0435\u043d\u0438\u044f \u0441\u0443\u0431\u044a\u0435\u043a\u0442 \u0434\u0430\u043d\u043d\u044b\u0445 \u043c\u043e\u0436\u0435\u0442 \u043f\u0435\u0440\u0435\u0434\u0430\u0442\u044c \u0442\u0440\u0435\u0442\u044c\u0435\u0439 \u0441\u0442\u043e\u0440\u043e\u043d\u0435 \u0432 \u043c\u0430\u0448\u0438\u043d\u043e\u0447\u0438\u0442\u0430\u0435\u043c\u043e\u043c \u0444\u043e\u0440\u043c\u0430\u0442\u0435 \u0447\u0435\u0440\u0435\u0437 Andmelao (\u0411\u0430\u0437\u0443 \u0434\u0430\u043d\u043d\u044b\u0445).<br \/>\n<strong>\u0425\u0440\u0430\u043d\u0435\u043d\u0438\u0435 \u0434\u0430\u043d\u043d\u044b\u0445<\/strong><\/p>\n<p>\u041c\u044b \u0445\u0440\u0430\u043d\u0438\u043c \u043f\u0435\u0440\u0441\u043e\u043d\u0430\u043b\u044c\u043d\u044b\u0435 \u0434\u0430\u043d\u043d\u044b\u0435 \u0432 \u0441\u043e\u043e\u0442\u0432\u0435\u0442\u0441\u0442\u0432\u0438\u0438 \u0441 \u043e\u0431\u044f\u0437\u0430\u0442\u0435\u043b\u044c\u0441\u0442\u0432\u0430\u043c\u0438 , \u0432\u044b\u0442\u0435\u043a\u0430\u044e\u0449\u0438\u043c\u0438 \u0438\u0437 \u0437\u0430\u043a\u043e\u043d\u043e\u0434\u0430\u0442\u0435\u043b\u044c\u0441\u0442\u0432\u0430 \u0438 \u0432\u043d\u0443\u0442\u0440\u0435\u043d\u043d\u0438\u0445 \u043f\u0440\u0430\u0432\u0438\u043b Imatra Elekter AS. \u0414\u043b\u044f \u043f\u043e\u043b\u0443\u0447\u0435\u043d\u0438\u044f \u0434\u043e\u043f\u043e\u043b\u043d\u0438\u0442\u0435\u043b\u044c\u043d\u043e\u0439 \u0438\u043d\u0444\u043e\u0440\u043c\u0430\u0446\u0438\u0438 \u043e \u0441\u0440\u043e\u043a\u0430\u0445 \u0445\u0440\u0430\u043d\u0435\u043d\u0438\u044f, \u043e\u0431\u0440\u0430\u0442\u0438\u0442\u0435\u0441\u044c \u043a \u0441\u043f\u0435\u0446\u0438\u0430\u043b\u0438\u0441\u0442\u0443 \u043f\u043e \u0437\u0430\u0449\u0438\u0442\u0435 \u0434\u0430\u043d\u043d\u044b\u0445.<\/p>\n<p>&nbsp;<\/p>\n<p><strong>\u0417\u0430\u043a\u043e\u043d\u043e\u0434\u0430\u0442\u0435\u043b\u044c\u0441\u0442\u0432\u043e<\/strong><\/p>\n<p><a href=\"https:\/\/www.imatraelekter.ee\/media\/Andmekaitse_\u00fcldm\u00e4\u00e4rus.pdf\" target=\"_blank\" rel=\"noopener noreferrer\">Andmekaitse \u00fcldm\u00e4\u00e4rus<\/a>\u00a0(EST)<\/p>\n<p>&nbsp;<\/p>\n<blockquote><p>Andmekaitse inspektsioon<strong>\u00a0 <\/strong>( <a href=\"http:\/\/www.aki.ee\/\" target=\"_blank\" rel=\"noopener noreferrer\">http:\/\/www.aki.ee\/<\/a>; tel. 5620 2341; e-mail: <a href=\"mailto:info@aki.ee\">info@aki.ee<\/a><strong>) <\/strong><\/p><\/blockquote>\n","protected":false},"excerpt":{"rendered":"<p>\u041a\u043e\u043d\u043a\u0440\u0435\u0442\u043d\u044b\u0435 \u043f\u0440\u0438\u043d\u0446\u0438\u043f\u044b \u043c\u043e\u0436\u043d\u043e \u043f\u043e\u0441\u043c\u043e\u0442\u0440\u0435\u0442\u044c \u0437\u0434\u0435\u0441\u044c &nbsp; \u041f\u0435\u0440\u0441\u043e\u043d\u0430\u043b\u044c\u043d\u044b\u0435 \u0434\u0430\u043d\u043d\u044b\u0435 \u042d\u0442\u043e \u043b\u044e\u0431\u0430\u044f \u0438\u043d\u0444\u043e\u0440\u043c\u0430\u0446\u0438\u044f, \u043e\u0442\u043d\u043e\u0441\u044f\u0449\u0430\u044f\u0441\u044f \u043a \u0438\u0434\u0435\u043d\u0442\u0438\u0444\u0438\u0446\u0438\u0440\u043e\u0432\u0430\u043d\u043d\u043e\u043c\u0443 \u0438\u043b\u0438 \u0438\u0434\u0435\u043d\u0442\u0438\u0444\u0438\u0446\u0438\u0440\u0443\u0435\u043c\u043e\u043c\u0443 \u0444\u0438\u0437\u0438\u0447\u0435\u0441\u043a\u043e\u043c\u0443 \u043b\u0438\u0446\u0443 (\u0441\u0443\u0431\u044a\u0435\u043a\u0442 \u0434\u0430\u043d\u043d\u044b\u0445),&hellip;<\/p>\n","protected":false},"author":2,"featured_media":0,"parent":490,"menu_order":0,"comment_status":"closed","ping_status":"closed","template":"","meta":{"footnotes":""},"class_list":["post-5485","page","type-page","status-publish","hentry"],"yoast_head":"<!-- This site is optimized with the Yoast SEO plugin v27.3 - https:\/\/yoast.com\/product\/yoast-seo-wordpress\/ -->\n<title>\u041e\u0431\u0440\u0430\u0431\u043e\u0442\u043a\u0430 \u043f\u0435\u0440\u0441\u043e\u043d\u0430\u043b\u044c\u043d\u044b\u0445 \u0434\u0430\u043d\u043d\u044b\u0445 - Imatra Elekter<\/title>\n<meta name=\"robots\" content=\"index, follow, max-snippet:-1, max-image-preview:large, max-video-preview:-1\" \/>\n<link rel=\"canonical\" href=\"https:\/\/imatraelekter.ee\/ru\/%d0%be-%d1%84%d0%b8%d1%80%d0%bc%d0%b5\/%d0%be%d0%b1%d1%80%d0%b0%d0%b1%d0%be%d1%82%d0%ba%d0%b0-%d0%bf%d0%b5%d1%80%d1%81%d0%be%d0%bd%d0%b0%d0%bb%d1%8c%d0%bd%d1%8b%d1%85-%d0%b4%d0%b0%d0%bd%d0%bd%d1%8b%d1%85\/\" \/>\n<meta property=\"og:locale\" content=\"ru_RU\" \/>\n<meta property=\"og:type\" content=\"article\" \/>\n<meta property=\"og:title\" content=\"\u041e\u0431\u0440\u0430\u0431\u043e\u0442\u043a\u0430 \u043f\u0435\u0440\u0441\u043e\u043d\u0430\u043b\u044c\u043d\u044b\u0445 \u0434\u0430\u043d\u043d\u044b\u0445 - Imatra Elekter\" \/>\n<meta property=\"og:description\" content=\"\u041a\u043e\u043d\u043a\u0440\u0435\u0442\u043d\u044b\u0435 \u043f\u0440\u0438\u043d\u0446\u0438\u043f\u044b \u043c\u043e\u0436\u043d\u043e \u043f\u043e\u0441\u043c\u043e\u0442\u0440\u0435\u0442\u044c \u0437\u0434\u0435\u0441\u044c &nbsp; \u041f\u0435\u0440\u0441\u043e\u043d\u0430\u043b\u044c\u043d\u044b\u0435 \u0434\u0430\u043d\u043d\u044b\u0435 \u042d\u0442\u043e \u043b\u044e\u0431\u0430\u044f \u0438\u043d\u0444\u043e\u0440\u043c\u0430\u0446\u0438\u044f, \u043e\u0442\u043d\u043e\u0441\u044f\u0449\u0430\u044f\u0441\u044f \u043a \u0438\u0434\u0435\u043d\u0442\u0438\u0444\u0438\u0446\u0438\u0440\u043e\u0432\u0430\u043d\u043d\u043e\u043c\u0443 \u0438\u043b\u0438 \u0438\u0434\u0435\u043d\u0442\u0438\u0444\u0438\u0446\u0438\u0440\u0443\u0435\u043c\u043e\u043c\u0443 \u0444\u0438\u0437\u0438\u0447\u0435\u0441\u043a\u043e\u043c\u0443 \u043b\u0438\u0446\u0443 (\u0441\u0443\u0431\u044a\u0435\u043a\u0442 \u0434\u0430\u043d\u043d\u044b\u0445),&hellip;\" \/>\n<meta property=\"og:url\" content=\"https:\/\/imatraelekter.ee\/ru\/%d0%be-%d1%84%d0%b8%d1%80%d0%bc%d0%b5\/%d0%be%d0%b1%d1%80%d0%b0%d0%b1%d0%be%d1%82%d0%ba%d0%b0-%d0%bf%d0%b5%d1%80%d1%81%d0%be%d0%bd%d0%b0%d0%bb%d1%8c%d0%bd%d1%8b%d1%85-%d0%b4%d0%b0%d0%bd%d0%bd%d1%8b%d1%85\/\" \/>\n<meta property=\"og:site_name\" content=\"Imatra Elekter\" \/>\n<meta property=\"article:modified_time\" content=\"2025-06-18T08:24:37+00:00\" \/>\n<meta name=\"twitter:label1\" content=\"\u041f\u0440\u0438\u043c\u0435\u0440\u043d\u043e\u0435 \u0432\u0440\u0435\u043c\u044f \u0434\u043b\u044f \u0447\u0442\u0435\u043d\u0438\u044f\" \/>\n\t<meta name=\"twitter:data1\" content=\"2 \u043c\u0438\u043d\u0443\u0442\u044b\" \/>\n<script type=\"application\/ld+json\" class=\"yoast-schema-graph\">{\"@context\":\"https:\\\/\\\/schema.org\",\"@graph\":[{\"@type\":\"WebPage\",\"@id\":\"https:\\\/\\\/imatraelekter.ee\\\/ru\\\/%d0%be-%d1%84%d0%b8%d1%80%d0%bc%d0%b5\\\/%d0%be%d0%b1%d1%80%d0%b0%d0%b1%d0%be%d1%82%d0%ba%d0%b0-%d0%bf%d0%b5%d1%80%d1%81%d0%be%d0%bd%d0%b0%d0%bb%d1%8c%d0%bd%d1%8b%d1%85-%d0%b4%d0%b0%d0%bd%d0%bd%d1%8b%d1%85\\\/\",\"url\":\"https:\\\/\\\/imatraelekter.ee\\\/ru\\\/%d0%be-%d1%84%d0%b8%d1%80%d0%bc%d0%b5\\\/%d0%be%d0%b1%d1%80%d0%b0%d0%b1%d0%be%d1%82%d0%ba%d0%b0-%d0%bf%d0%b5%d1%80%d1%81%d0%be%d0%bd%d0%b0%d0%bb%d1%8c%d0%bd%d1%8b%d1%85-%d0%b4%d0%b0%d0%bd%d0%bd%d1%8b%d1%85\\\/\",\"name\":\"\u041e\u0431\u0440\u0430\u0431\u043e\u0442\u043a\u0430 \u043f\u0435\u0440\u0441\u043e\u043d\u0430\u043b\u044c\u043d\u044b\u0445 \u0434\u0430\u043d\u043d\u044b\u0445 - Imatra Elekter\",\"isPartOf\":{\"@id\":\"https:\\\/\\\/imatraelekter.ee\\\/ru\\\/#website\"},\"datePublished\":\"2018-06-08T08:59:18+00:00\",\"dateModified\":\"2025-06-18T08:24:37+00:00\",\"breadcrumb\":{\"@id\":\"https:\\\/\\\/imatraelekter.ee\\\/ru\\\/%d0%be-%d1%84%d0%b8%d1%80%d0%bc%d0%b5\\\/%d0%be%d0%b1%d1%80%d0%b0%d0%b1%d0%be%d1%82%d0%ba%d0%b0-%d0%bf%d0%b5%d1%80%d1%81%d0%be%d0%bd%d0%b0%d0%bb%d1%8c%d0%bd%d1%8b%d1%85-%d0%b4%d0%b0%d0%bd%d0%bd%d1%8b%d1%85\\\/#breadcrumb\"},\"inLanguage\":\"ru-RU\",\"potentialAction\":[{\"@type\":\"ReadAction\",\"target\":[\"https:\\\/\\\/imatraelekter.ee\\\/ru\\\/%d0%be-%d1%84%d0%b8%d1%80%d0%bc%d0%b5\\\/%d0%be%d0%b1%d1%80%d0%b0%d0%b1%d0%be%d1%82%d0%ba%d0%b0-%d0%bf%d0%b5%d1%80%d1%81%d0%be%d0%bd%d0%b0%d0%bb%d1%8c%d0%bd%d1%8b%d1%85-%d0%b4%d0%b0%d0%bd%d0%bd%d1%8b%d1%85\\\/\"]}]},{\"@type\":\"BreadcrumbList\",\"@id\":\"https:\\\/\\\/imatraelekter.ee\\\/ru\\\/%d0%be-%d1%84%d0%b8%d1%80%d0%bc%d0%b5\\\/%d0%be%d0%b1%d1%80%d0%b0%d0%b1%d0%be%d1%82%d0%ba%d0%b0-%d0%bf%d0%b5%d1%80%d1%81%d0%be%d0%bd%d0%b0%d0%bb%d1%8c%d0%bd%d1%8b%d1%85-%d0%b4%d0%b0%d0%bd%d0%bd%d1%8b%d1%85\\\/#breadcrumb\",\"itemListElement\":[{\"@type\":\"ListItem\",\"position\":1,\"name\":\"Home\",\"item\":\"https:\\\/\\\/imatraelekter.ee\\\/ru\\\/\"},{\"@type\":\"ListItem\",\"position\":2,\"name\":\"\u041e \u0424\u0438\u0440\u043c\u0435\",\"item\":\"https:\\\/\\\/imatraelekter.ee\\\/ru\\\/%d0%be-%d1%84%d0%b8%d1%80%d0%bc%d0%b5\\\/\"},{\"@type\":\"ListItem\",\"position\":3,\"name\":\"\u041e\u0431\u0440\u0430\u0431\u043e\u0442\u043a\u0430 \u043f\u0435\u0440\u0441\u043e\u043d\u0430\u043b\u044c\u043d\u044b\u0445 \u0434\u0430\u043d\u043d\u044b\u0445\"}]},{\"@type\":\"WebSite\",\"@id\":\"https:\\\/\\\/imatraelekter.ee\\\/ru\\\/#website\",\"url\":\"https:\\\/\\\/imatraelekter.ee\\\/ru\\\/\",\"name\":\"Imatra Elekter\",\"description\":\"Elektrim\u00fc\u00fck ja jaotus\",\"potentialAction\":[{\"@type\":\"SearchAction\",\"target\":{\"@type\":\"EntryPoint\",\"urlTemplate\":\"https:\\\/\\\/imatraelekter.ee\\\/ru\\\/?s={search_term_string}\"},\"query-input\":{\"@type\":\"PropertyValueSpecification\",\"valueRequired\":true,\"valueName\":\"search_term_string\"}}],\"inLanguage\":\"ru-RU\"}]}<\/script>\n<!-- \/ Yoast SEO plugin. -->","yoast_head_json":{"title":"\u041e\u0431\u0440\u0430\u0431\u043e\u0442\u043a\u0430 \u043f\u0435\u0440\u0441\u043e\u043d\u0430\u043b\u044c\u043d\u044b\u0445 \u0434\u0430\u043d\u043d\u044b\u0445 - Imatra Elekter","robots":{"index":"index","follow":"follow","max-snippet":"max-snippet:-1","max-image-preview":"max-image-preview:large","max-video-preview":"max-video-preview:-1"},"canonical":"https:\/\/imatraelekter.ee\/ru\/%d0%be-%d1%84%d0%b8%d1%80%d0%bc%d0%b5\/%d0%be%d0%b1%d1%80%d0%b0%d0%b1%d0%be%d1%82%d0%ba%d0%b0-%d0%bf%d0%b5%d1%80%d1%81%d0%be%d0%bd%d0%b0%d0%bb%d1%8c%d0%bd%d1%8b%d1%85-%d0%b4%d0%b0%d0%bd%d0%bd%d1%8b%d1%85\/","og_locale":"ru_RU","og_type":"article","og_title":"\u041e\u0431\u0440\u0430\u0431\u043e\u0442\u043a\u0430 \u043f\u0435\u0440\u0441\u043e\u043d\u0430\u043b\u044c\u043d\u044b\u0445 \u0434\u0430\u043d\u043d\u044b\u0445 - Imatra Elekter","og_description":"\u041a\u043e\u043d\u043a\u0440\u0435\u0442\u043d\u044b\u0435 \u043f\u0440\u0438\u043d\u0446\u0438\u043f\u044b \u043c\u043e\u0436\u043d\u043e \u043f\u043e\u0441\u043c\u043e\u0442\u0440\u0435\u0442\u044c \u0437\u0434\u0435\u0441\u044c &nbsp; \u041f\u0435\u0440\u0441\u043e\u043d\u0430\u043b\u044c\u043d\u044b\u0435 \u0434\u0430\u043d\u043d\u044b\u0435 \u042d\u0442\u043e \u043b\u044e\u0431\u0430\u044f \u0438\u043d\u0444\u043e\u0440\u043c\u0430\u0446\u0438\u044f, \u043e\u0442\u043d\u043e\u0441\u044f\u0449\u0430\u044f\u0441\u044f \u043a \u0438\u0434\u0435\u043d\u0442\u0438\u0444\u0438\u0446\u0438\u0440\u043e\u0432\u0430\u043d\u043d\u043e\u043c\u0443 \u0438\u043b\u0438 \u0438\u0434\u0435\u043d\u0442\u0438\u0444\u0438\u0446\u0438\u0440\u0443\u0435\u043c\u043e\u043c\u0443 \u0444\u0438\u0437\u0438\u0447\u0435\u0441\u043a\u043e\u043c\u0443 \u043b\u0438\u0446\u0443 (\u0441\u0443\u0431\u044a\u0435\u043a\u0442 \u0434\u0430\u043d\u043d\u044b\u0445),&hellip;","og_url":"https:\/\/imatraelekter.ee\/ru\/%d0%be-%d1%84%d0%b8%d1%80%d0%bc%d0%b5\/%d0%be%d0%b1%d1%80%d0%b0%d0%b1%d0%be%d1%82%d0%ba%d0%b0-%d0%bf%d0%b5%d1%80%d1%81%d0%be%d0%bd%d0%b0%d0%bb%d1%8c%d0%bd%d1%8b%d1%85-%d0%b4%d0%b0%d0%bd%d0%bd%d1%8b%d1%85\/","og_site_name":"Imatra Elekter","article_modified_time":"2025-06-18T08:24:37+00:00","twitter_misc":{"\u041f\u0440\u0438\u043c\u0435\u0440\u043d\u043e\u0435 \u0432\u0440\u0435\u043c\u044f \u0434\u043b\u044f \u0447\u0442\u0435\u043d\u0438\u044f":"2 \u043c\u0438\u043d\u0443\u0442\u044b"},"schema":{"@context":"https:\/\/schema.org","@graph":[{"@type":"WebPage","@id":"https:\/\/imatraelekter.ee\/ru\/%d0%be-%d1%84%d0%b8%d1%80%d0%bc%d0%b5\/%d0%be%d0%b1%d1%80%d0%b0%d0%b1%d0%be%d1%82%d0%ba%d0%b0-%d0%bf%d0%b5%d1%80%d1%81%d0%be%d0%bd%d0%b0%d0%bb%d1%8c%d0%bd%d1%8b%d1%85-%d0%b4%d0%b0%d0%bd%d0%bd%d1%8b%d1%85\/","url":"https:\/\/imatraelekter.ee\/ru\/%d0%be-%d1%84%d0%b8%d1%80%d0%bc%d0%b5\/%d0%be%d0%b1%d1%80%d0%b0%d0%b1%d0%be%d1%82%d0%ba%d0%b0-%d0%bf%d0%b5%d1%80%d1%81%d0%be%d0%bd%d0%b0%d0%bb%d1%8c%d0%bd%d1%8b%d1%85-%d0%b4%d0%b0%d0%bd%d0%bd%d1%8b%d1%85\/","name":"\u041e\u0431\u0440\u0430\u0431\u043e\u0442\u043a\u0430 \u043f\u0435\u0440\u0441\u043e\u043d\u0430\u043b\u044c\u043d\u044b\u0445 \u0434\u0430\u043d\u043d\u044b\u0445 - Imatra Elekter","isPartOf":{"@id":"https:\/\/imatraelekter.ee\/ru\/#website"},"datePublished":"2018-06-08T08:59:18+00:00","dateModified":"2025-06-18T08:24:37+00:00","breadcrumb":{"@id":"https:\/\/imatraelekter.ee\/ru\/%d0%be-%d1%84%d0%b8%d1%80%d0%bc%d0%b5\/%d0%be%d0%b1%d1%80%d0%b0%d0%b1%d0%be%d1%82%d0%ba%d0%b0-%d0%bf%d0%b5%d1%80%d1%81%d0%be%d0%bd%d0%b0%d0%bb%d1%8c%d0%bd%d1%8b%d1%85-%d0%b4%d0%b0%d0%bd%d0%bd%d1%8b%d1%85\/#breadcrumb"},"inLanguage":"ru-RU","potentialAction":[{"@type":"ReadAction","target":["https:\/\/imatraelekter.ee\/ru\/%d0%be-%d1%84%d0%b8%d1%80%d0%bc%d0%b5\/%d0%be%d0%b1%d1%80%d0%b0%d0%b1%d0%be%d1%82%d0%ba%d0%b0-%d0%bf%d0%b5%d1%80%d1%81%d0%be%d0%bd%d0%b0%d0%bb%d1%8c%d0%bd%d1%8b%d1%85-%d0%b4%d0%b0%d0%bd%d0%bd%d1%8b%d1%85\/"]}]},{"@type":"BreadcrumbList","@id":"https:\/\/imatraelekter.ee\/ru\/%d0%be-%d1%84%d0%b8%d1%80%d0%bc%d0%b5\/%d0%be%d0%b1%d1%80%d0%b0%d0%b1%d0%be%d1%82%d0%ba%d0%b0-%d0%bf%d0%b5%d1%80%d1%81%d0%be%d0%bd%d0%b0%d0%bb%d1%8c%d0%bd%d1%8b%d1%85-%d0%b4%d0%b0%d0%bd%d0%bd%d1%8b%d1%85\/#breadcrumb","itemListElement":[{"@type":"ListItem","position":1,"name":"Home","item":"https:\/\/imatraelekter.ee\/ru\/"},{"@type":"ListItem","position":2,"name":"\u041e \u0424\u0438\u0440\u043c\u0435","item":"https:\/\/imatraelekter.ee\/ru\/%d0%be-%d1%84%d0%b8%d1%80%d0%bc%d0%b5\/"},{"@type":"ListItem","position":3,"name":"\u041e\u0431\u0440\u0430\u0431\u043e\u0442\u043a\u0430 \u043f\u0435\u0440\u0441\u043e\u043d\u0430\u043b\u044c\u043d\u044b\u0445 \u0434\u0430\u043d\u043d\u044b\u0445"}]},{"@type":"WebSite","@id":"https:\/\/imatraelekter.ee\/ru\/#website","url":"https:\/\/imatraelekter.ee\/ru\/","name":"Imatra Elekter","description":"Elektrim\u00fc\u00fck ja jaotus","potentialAction":[{"@type":"SearchAction","target":{"@type":"EntryPoint","urlTemplate":"https:\/\/imatraelekter.ee\/ru\/?s={search_term_string}"},"query-input":{"@type":"PropertyValueSpecification","valueRequired":true,"valueName":"search_term_string"}}],"inLanguage":"ru-RU"}]}},"_links":{"self":[{"href":"https:\/\/imatraelekter.ee\/ru\/wp-json\/wp\/v2\/pages\/5485","targetHints":{"allow":["GET"]}}],"collection":[{"href":"https:\/\/imatraelekter.ee\/ru\/wp-json\/wp\/v2\/pages"}],"about":[{"href":"https:\/\/imatraelekter.ee\/ru\/wp-json\/wp\/v2\/types\/page"}],"author":[{"embeddable":true,"href":"https:\/\/imatraelekter.ee\/ru\/wp-json\/wp\/v2\/users\/2"}],"replies":[{"embeddable":true,"href":"https:\/\/imatraelekter.ee\/ru\/wp-json\/wp\/v2\/comments?post=5485"}],"version-history":[{"count":10,"href":"https:\/\/imatraelekter.ee\/ru\/wp-json\/wp\/v2\/pages\/5485\/revisions"}],"predecessor-version":[{"id":32994,"href":"https:\/\/imatraelekter.ee\/ru\/wp-json\/wp\/v2\/pages\/5485\/revisions\/32994"}],"up":[{"embeddable":true,"href":"https:\/\/imatraelekter.ee\/ru\/wp-json\/wp\/v2\/pages\/490"}],"wp:attachment":[{"href":"https:\/\/imatraelekter.ee\/ru\/wp-json\/wp\/v2\/media?parent=5485"}],"curies":[{"name":"wp","href":"https:\/\/api.w.org\/{rel}","templated":true}]}}